{"id":1462,"date":"2024-07-11T01:15:42","date_gmt":"2024-07-10T16:15:42","guid":{"rendered":"https:\/\/www.qrcodepasswordmanager.com\/prix\/"},"modified":"2025-11-06T10:30:44","modified_gmt":"2025-11-06T01:30:44","slug":"prix","status":"publish","type":"page","link":"https:\/\/www.qrcodepasswordmanager.com\/fr\/prix\/","title":{"rendered":"Pricing"},"content":{"rendered":"\t\t<div data-elementor-type=\"wp-page\" data-elementor-id=\"1462\" class=\"elementor elementor-1462 elementor-777\" data-elementor-post-type=\"page\">\n\t\t\t\t\t\t<section class=\"elementor-section elementor-top-section elementor-element elementor-element-6c84c71c elementor-section-height-min-height elementor-section-items-stretch elementor-section-boxed elementor-section-height-default\" data-id=\"6c84c71c\" data-element_type=\"section\" data-e-type=\"section\" data-settings=\"{&quot;background_background&quot;:&quot;gradient&quot;}\">\n\t\t\t\t\t\t<div class=\"elementor-container elementor-column-gap-default\">\n\t\t\t\t\t<div class=\"elementor-column elementor-col-100 elementor-top-column elementor-element elementor-element-bf4b882\" data-id=\"bf4b882\" data-element_type=\"column\" data-e-type=\"column\">\n\t\t\t<div class=\"elementor-widget-wrap\">\n\t\t\t\t\t\t\t<\/div>\n\t\t<\/div>\n\t\t\t\t\t<\/div>\n\t\t<\/section>\n\t\t\t\t<section class=\"elementor-section elementor-top-section elementor-element elementor-element-ba1c4ec elementor-section-height-min-height elementor-section-items-stretch elementor-section-boxed elementor-section-height-default\" data-id=\"ba1c4ec\" data-element_type=\"section\" data-e-type=\"section\" data-settings=\"{&quot;background_background&quot;:&quot;classic&quot;}\">\n\t\t\t\t\t\t<div class=\"elementor-container elementor-column-gap-default\">\n\t\t\t\t\t<div class=\"elementor-column elementor-col-100 elementor-top-column elementor-element elementor-element-cb17557\" data-id=\"cb17557\" data-element_type=\"column\" data-e-type=\"column\">\n\t\t\t<div class=\"elementor-widget-wrap elementor-element-populated\">\n\t\t\t\t\t\t<div class=\"elementor-element elementor-element-f9bbd16 elementor-widget elementor-widget-heading\" data-id=\"f9bbd16\" data-element_type=\"widget\" data-e-type=\"widget\" data-widget_type=\"heading.default\">\n\t\t\t\t<div class=\"elementor-widget-container\">\n\t\t\t\t\t<h2 class=\"elementor-heading-title elementor-size-default\">Prix<\/h2>\t\t\t\t<\/div>\n\t\t\t\t<\/div>\n\t\t\t\t<div class=\"elementor-element elementor-element-7cd0872 elementor-widget elementor-widget-text-editor\" data-id=\"7cd0872\" data-element_type=\"widget\" data-e-type=\"widget\" data-widget_type=\"text-editor.default\">\n\t\t\t\t<div class=\"elementor-widget-container\">\n\t\t\t\t\t\t\t\t\t<p>L&rsquo;application QR Password Manager est disponible gratuitement pour le grand public. La version pour utilisateurs g\u00e9n\u00e9raux inclut des publicit\u00e9s et a une limite sur le nombre de comptes pouvant \u00eatre enregistr\u00e9s dans l&rsquo;application QPM. Pour les utilisateurs professionnels, une mise \u00e0 niveau par abonnement est disponible dans l&rsquo;application QPM. Les abonnements<span style=\"letter-spacing: -0.6px;\"> peuvent \u00eatre annul\u00e9s \u00e0 tout moment. La facturation suit les politiques des magasins d&rsquo;applications Google et Apple.<\/span><\/p>\t\t\t\t\t\t\t\t<\/div>\n\t\t\t\t<\/div>\n\t\t<div class=\"elementor-element elementor-element-026d568 e-con-full e-flex e-con e-parent\" data-id=\"026d568\" data-element_type=\"container\" data-e-type=\"container\">\n\t\t<div class=\"elementor-element elementor-element-a988172 e-con-full e-flex e-con e-child\" data-id=\"a988172\" data-element_type=\"container\" data-e-type=\"container\">\n\t\t<div class=\"elementor-element elementor-element-973f6c7 e-con-full e-flex e-con e-child\" data-id=\"973f6c7\" data-element_type=\"container\" data-e-type=\"container\">\n\t\t\t\t<div class=\"elementor-element elementor-element-de75cbc elementor-widget elementor-widget-heading\" data-id=\"de75cbc\" data-element_type=\"widget\" data-e-type=\"widget\" data-widget_type=\"heading.default\">\n\t\t\t\t<div class=\"elementor-widget-container\">\n\t\t\t\t\t<h2 class=\"elementor-heading-title elementor-size-default\">Service gratuit pour les utilisateurs g\u00e9n\u00e9raux<\/h2>\t\t\t\t<\/div>\n\t\t\t\t<\/div>\n\t\t\t\t<div class=\"elementor-element elementor-element-c8d8270 elementor-widget elementor-widget-heading\" data-id=\"c8d8270\" data-element_type=\"widget\" data-e-type=\"widget\" data-widget_type=\"heading.default\">\n\t\t\t\t<div class=\"elementor-widget-container\">\n\t\t\t\t\t<h2 class=\"elementor-heading-title elementor-size-default\">Le QR Password Manager gratuit est id\u00e9al pour les particuliers utilisant des services en ligne quotidiens. Il propose des fonctionnalit\u00e9s essentielles, notamment le support de l'authentification \u00e0 deux facteurs (2FA OTP) et la fonctionnalit\u00e9 de transfert de compte.<\/h2>\t\t\t\t<\/div>\n\t\t\t\t<\/div>\n\t\t\t\t<div class=\"elementor-element elementor-element-990e411 elementor-widget elementor-widget-heading\" data-id=\"990e411\" data-element_type=\"widget\" data-e-type=\"widget\" data-widget_type=\"heading.default\">\n\t\t\t\t<div class=\"elementor-widget-container\">\n\t\t\t\t\t<h2 class=\"elementor-heading-title elementor-size-default\">Gratuit<\/h2>\t\t\t\t<\/div>\n\t\t\t\t<\/div>\n\t\t\t\t<div class=\"elementor-element elementor-element-eff8d86 elementor-icon-list--layout-traditional elementor-list-item-link-full_width elementor-widget elementor-widget-icon-list\" data-id=\"eff8d86\" data-element_type=\"widget\" data-e-type=\"widget\" data-widget_type=\"icon-list.default\">\n\t\t\t\t<div class=\"elementor-widget-container\">\n\t\t\t\t\t\t\t<ul class=\"elementor-icon-list-items\">\n\t\t\t\t\t\t\t<li class=\"elementor-icon-list-item\">\n\t\t\t\t\t\t\t\t\t\t\t<span class=\"elementor-icon-list-icon\">\n\t\t\t\t\t\t\t<i aria-hidden=\"true\" class=\"fas fa-check\"><\/i>\t\t\t\t\t\t<\/span>\n\t\t\t\t\t\t\t\t\t\t<span class=\"elementor-icon-list-text\">Configuration de 2FA OTP pour chaque compte <\/span>\n\t\t\t\t\t\t\t\t\t<\/li>\n\t\t\t\t\t\t\t\t<li class=\"elementor-icon-list-item\">\n\t\t\t\t\t\t\t\t\t\t\t<span class=\"elementor-icon-list-icon\">\n\t\t\t\t\t\t\t<i aria-hidden=\"true\" class=\"fas fa-check\"><\/i>\t\t\t\t\t\t<\/span>\n\t\t\t\t\t\t\t\t\t\t<span class=\"elementor-icon-list-text\">Support du g\u00e9n\u00e9rateur de mots de passe<\/span>\n\t\t\t\t\t\t\t\t\t<\/li>\n\t\t\t\t\t\t\t\t<li class=\"elementor-icon-list-item\">\n\t\t\t\t\t\t\t\t\t\t\t<span class=\"elementor-icon-list-icon\">\n\t\t\t\t\t\t\t<i aria-hidden=\"true\" class=\"fas fa-check\"><\/i>\t\t\t\t\t\t<\/span>\n\t\t\t\t\t\t\t\t\t\t<span class=\"elementor-icon-list-text\">Transfert des comptes enregistr\u00e9s entre smartphones<\/span>\n\t\t\t\t\t\t\t\t\t<\/li>\n\t\t\t\t\t\t\t\t<li class=\"elementor-icon-list-item\">\n\t\t\t\t\t\t\t\t\t\t\t<span class=\"elementor-icon-list-icon\">\n\t\t\t\t\t\t\t<i aria-hidden=\"true\" class=\"fas fa-check\"><\/i>\t\t\t\t\t\t<\/span>\n\t\t\t\t\t\t\t\t\t\t<span class=\"elementor-icon-list-text\">Option de s\u00e9curit\u00e9 pour approuver le transfert d'informations de compte<\/span>\n\t\t\t\t\t\t\t\t\t<\/li>\n\t\t\t\t\t\t\t\t<li class=\"elementor-icon-list-item\">\n\t\t\t\t\t\t\t\t\t\t\t<span class=\"elementor-icon-list-icon\">\n\t\t\t\t\t\t\t<i aria-hidden=\"true\" class=\"fas fa-check\"><\/i>\t\t\t\t\t\t<\/span>\n\t\t\t\t\t\t\t\t\t\t<span class=\"elementor-icon-list-text\">Ajout jusqu'\u00e0 20 comptes<\/span>\n\t\t\t\t\t\t\t\t\t<\/li>\n\t\t\t\t\t\t\t\t<li class=\"elementor-icon-list-item\">\n\t\t\t\t\t\t\t\t\t\t\t<span class=\"elementor-icon-list-icon\">\n\t\t\t\t\t\t\t<i aria-hidden=\"true\" class=\"fas fa-check\"><\/i>\t\t\t\t\t\t<\/span>\n\t\t\t\t\t\t\t\t\t\t<span class=\"elementor-icon-list-text\">Comprend des publicit\u00e9s<\/span>\n\t\t\t\t\t\t\t\t\t<\/li>\n\t\t\t\t\t\t<\/ul>\n\t\t\t\t\t\t<\/div>\n\t\t\t\t<\/div>\n\t\t\t\t<\/div>\n\t\t<div class=\"elementor-element elementor-element-2579085 e-con-full e-flex e-con e-child\" data-id=\"2579085\" data-element_type=\"container\" data-e-type=\"container\">\n\t\t\t\t<div class=\"elementor-element elementor-element-ba78619 elementor-widget elementor-widget-heading\" data-id=\"ba78619\" data-element_type=\"widget\" data-e-type=\"widget\" data-widget_type=\"heading.default\">\n\t\t\t\t<div class=\"elementor-widget-container\">\n\t\t\t\t\t<h2 class=\"elementor-heading-title elementor-size-default\">Abonnement pour les professionnels<\/h2>\t\t\t\t<\/div>\n\t\t\t\t<\/div>\n\t\t\t\t<div class=\"elementor-element elementor-element-77007fd elementor-widget elementor-widget-heading\" data-id=\"77007fd\" data-element_type=\"widget\" data-e-type=\"widget\" data-widget_type=\"heading.default\">\n\t\t\t\t<div class=\"elementor-widget-container\">\n\t\t\t\t\t<h2 class=\"elementor-heading-title elementor-size-default\">Le QR Password Manager payant est adapt\u00e9 aux professionnels qui g\u00e8rent des services en ligne avanc\u00e9s. Il n'y a pas de publicit\u00e9s et vous pouvez ajouter des comptes de mani\u00e8re illimit\u00e9e. Vous pouvez g\u00e9rer l'abonnement directement depuis l'application. <\/h2>\t\t\t\t<\/div>\n\t\t\t\t<\/div>\n\t\t\t\t<div class=\"elementor-element elementor-element-8201a49 elementor-widget elementor-widget-heading\" data-id=\"8201a49\" data-element_type=\"widget\" data-e-type=\"widget\" data-widget_type=\"heading.default\">\n\t\t\t\t<div class=\"elementor-widget-container\">\n\t\t\t\t\t<h2 class=\"elementor-heading-title elementor-size-default\">$2.00 \/ mois <\/h2>\t\t\t\t<\/div>\n\t\t\t\t<\/div>\n\t\t\t\t<div class=\"elementor-element elementor-element-1555c9d elementor-icon-list--layout-traditional elementor-list-item-link-full_width elementor-widget elementor-widget-icon-list\" data-id=\"1555c9d\" data-element_type=\"widget\" data-e-type=\"widget\" data-widget_type=\"icon-list.default\">\n\t\t\t\t<div class=\"elementor-widget-container\">\n\t\t\t\t\t\t\t<ul class=\"elementor-icon-list-items\">\n\t\t\t\t\t\t\t<li class=\"elementor-icon-list-item\">\n\t\t\t\t\t\t\t\t\t\t\t<span class=\"elementor-icon-list-icon\">\n\t\t\t\t\t\t\t<i aria-hidden=\"true\" class=\"fas fa-check\"><\/i>\t\t\t\t\t\t<\/span>\n\t\t\t\t\t\t\t\t\t\t<span class=\"elementor-icon-list-text\">Comprend toutes les fonctionnalit\u00e9s de la version pour les utilisateurs g\u00e9n\u00e9raux<\/span>\n\t\t\t\t\t\t\t\t\t<\/li>\n\t\t\t\t\t\t\t\t<li class=\"elementor-icon-list-item\">\n\t\t\t\t\t\t\t\t\t\t\t<span class=\"elementor-icon-list-icon\">\n\t\t\t\t\t\t\t<i aria-hidden=\"true\" class=\"fas fa-check\"><\/i>\t\t\t\t\t\t<\/span>\n\t\t\t\t\t\t\t\t\t\t<span class=\"elementor-icon-list-text\">Suppression des publicit\u00e9s<\/span>\n\t\t\t\t\t\t\t\t\t<\/li>\n\t\t\t\t\t\t\t\t<li class=\"elementor-icon-list-item\">\n\t\t\t\t\t\t\t\t\t\t\t<span class=\"elementor-icon-list-icon\">\n\t\t\t\t\t\t\t<i aria-hidden=\"true\" class=\"fas fa-check\"><\/i>\t\t\t\t\t\t<\/span>\n\t\t\t\t\t\t\t\t\t\t<span class=\"elementor-icon-list-text\">Ajout illimit\u00e9 de comptes<\/span>\n\t\t\t\t\t\t\t\t\t<\/li>\n\t\t\t\t\t\t<\/ul>\n\t\t\t\t\t\t<\/div>\n\t\t\t\t<\/div>\n\t\t\t\t<\/div>\n\t\t\t\t<\/div>\n\t\t\t\t<\/div>\n\t\t\t\t\t<\/div>\n\t\t<\/div>\n\t\t\t\t\t<\/div>\n\t\t<\/section>\n\t\t\t\t<\/div>\n\t\t","protected":false},"excerpt":{"rendered":"<p>Prix L&rsquo;application QR Password Manager est disponible gratuitement pour le grand public. La version pour utilisateurs g\u00e9n\u00e9raux inclut des publicit\u00e9s et a une limite sur le nombre de comptes pouvant \u00eatre enregistr\u00e9s dans l&rsquo;application QPM. Pour les utilisateurs professionnels, une mise \u00e0 niveau par abonnement est disponible dans l&rsquo;application QPM. Les abonnements peuvent \u00eatre annul\u00e9s [&hellip;]<\/p>\n","protected":false},"author":5,"featured_media":0,"parent":0,"menu_order":50,"comment_status":"closed","ping_status":"closed","template":"","meta":{"footnotes":""},"class_list":["post-1462","page","type-page","status-publish","hentry"],"yoast_head":"<!-- This site is optimized with the Yoast SEO plugin v27.4 - https:\/\/yoast.com\/product\/yoast-seo-wordpress\/ -->\n<title>Pricing - QR Password Manager QPM Sovereign Login<\/title>\n<meta name=\"robots\" content=\"index, follow, max-snippet:-1, max-image-preview:large, max-video-preview:-1\" \/>\n<link rel=\"canonical\" href=\"https:\/\/www.qrcodepasswordmanager.com\/fr\/prix\/\" \/>\n<meta property=\"og:locale\" content=\"fr_FR\" \/>\n<meta property=\"og:type\" content=\"article\" \/>\n<meta property=\"og:title\" content=\"Pricing - QR Password Manager QPM Sovereign Login\" \/>\n<meta property=\"og:description\" content=\"Prix L&rsquo;application QR Password Manager est disponible gratuitement pour le grand public. La version pour utilisateurs g\u00e9n\u00e9raux inclut des publicit\u00e9s et a une limite sur le nombre de comptes pouvant \u00eatre enregistr\u00e9s dans l&rsquo;application QPM. Pour les utilisateurs professionnels, une mise \u00e0 niveau par abonnement est disponible dans l&rsquo;application QPM. Les abonnements peuvent \u00eatre annul\u00e9s [&hellip;]\" \/>\n<meta property=\"og:url\" content=\"https:\/\/www.qrcodepasswordmanager.com\/fr\/prix\/\" \/>\n<meta property=\"og:site_name\" content=\"QR Password Manager QPM Sovereign Login\" \/>\n<meta property=\"article:modified_time\" content=\"2025-11-06T01:30:44+00:00\" \/>\n<meta name=\"twitter:card\" content=\"summary_large_image\" \/>\n<meta name=\"twitter:label1\" content=\"Dur\u00e9e de lecture estim\u00e9e\" \/>\n\t<meta name=\"twitter:data1\" content=\"1 minute\" \/>\n<script type=\"application\/ld+json\" class=\"yoast-schema-graph\">{\"@context\":\"https:\\\/\\\/schema.org\",\"@graph\":[{\"@type\":\"WebPage\",\"@id\":\"https:\\\/\\\/www.qrcodepasswordmanager.com\\\/fr\\\/prix\\\/\",\"url\":\"https:\\\/\\\/www.qrcodepasswordmanager.com\\\/fr\\\/prix\\\/\",\"name\":\"Pricing - QR Password Manager QPM Sovereign Login\",\"isPartOf\":{\"@id\":\"https:\\\/\\\/www.qrpasswordmanager.com\\\/fr\\\/#website\"},\"datePublished\":\"2024-07-10T16:15:42+00:00\",\"dateModified\":\"2025-11-06T01:30:44+00:00\",\"breadcrumb\":{\"@id\":\"https:\\\/\\\/www.qrcodepasswordmanager.com\\\/fr\\\/prix\\\/#breadcrumb\"},\"inLanguage\":\"fr-FR\",\"potentialAction\":[{\"@type\":\"ReadAction\",\"target\":[\"https:\\\/\\\/www.qrcodepasswordmanager.com\\\/fr\\\/prix\\\/\"]}]},{\"@type\":\"BreadcrumbList\",\"@id\":\"https:\\\/\\\/www.qrcodepasswordmanager.com\\\/fr\\\/prix\\\/#breadcrumb\",\"itemListElement\":[{\"@type\":\"ListItem\",\"position\":1,\"name\":\"\ud648\",\"item\":\"https:\\\/\\\/www.qrpasswordmanager.com\\\/fr\\\/\"},{\"@type\":\"ListItem\",\"position\":2,\"name\":\"Pricing\"}]},{\"@type\":\"WebSite\",\"@id\":\"https:\\\/\\\/www.qrpasswordmanager.com\\\/fr\\\/#website\",\"url\":\"https:\\\/\\\/www.qrpasswordmanager.com\\\/fr\\\/\",\"name\":\"QR Password Manager QPM Sovereign Login\",\"description\":\"Sovereign Login, Sovereign Password Manager\",\"potentialAction\":[{\"@type\":\"SearchAction\",\"target\":{\"@type\":\"EntryPoint\",\"urlTemplate\":\"https:\\\/\\\/www.qrpasswordmanager.com\\\/fr\\\/?s={search_term_string}\"},\"query-input\":{\"@type\":\"PropertyValueSpecification\",\"valueRequired\":true,\"valueName\":\"search_term_string\"}}],\"inLanguage\":\"fr-FR\"}]}<\/script>\n<!-- \/ Yoast SEO plugin. -->","yoast_head_json":{"title":"Pricing - QR Password Manager QPM Sovereign Login","robots":{"index":"index","follow":"follow","max-snippet":"max-snippet:-1","max-image-preview":"max-image-preview:large","max-video-preview":"max-video-preview:-1"},"canonical":"https:\/\/www.qrcodepasswordmanager.com\/fr\/prix\/","og_locale":"fr_FR","og_type":"article","og_title":"Pricing - QR Password Manager QPM Sovereign Login","og_description":"Prix L&rsquo;application QR Password Manager est disponible gratuitement pour le grand public. La version pour utilisateurs g\u00e9n\u00e9raux inclut des publicit\u00e9s et a une limite sur le nombre de comptes pouvant \u00eatre enregistr\u00e9s dans l&rsquo;application QPM. Pour les utilisateurs professionnels, une mise \u00e0 niveau par abonnement est disponible dans l&rsquo;application QPM. Les abonnements peuvent \u00eatre annul\u00e9s [&hellip;]","og_url":"https:\/\/www.qrcodepasswordmanager.com\/fr\/prix\/","og_site_name":"QR Password Manager QPM Sovereign Login","article_modified_time":"2025-11-06T01:30:44+00:00","twitter_card":"summary_large_image","twitter_misc":{"Dur\u00e9e de lecture estim\u00e9e":"1 minute"},"schema":{"@context":"https:\/\/schema.org","@graph":[{"@type":"WebPage","@id":"https:\/\/www.qrcodepasswordmanager.com\/fr\/prix\/","url":"https:\/\/www.qrcodepasswordmanager.com\/fr\/prix\/","name":"Pricing - QR Password Manager QPM Sovereign Login","isPartOf":{"@id":"https:\/\/www.qrpasswordmanager.com\/fr\/#website"},"datePublished":"2024-07-10T16:15:42+00:00","dateModified":"2025-11-06T01:30:44+00:00","breadcrumb":{"@id":"https:\/\/www.qrcodepasswordmanager.com\/fr\/prix\/#breadcrumb"},"inLanguage":"fr-FR","potentialAction":[{"@type":"ReadAction","target":["https:\/\/www.qrcodepasswordmanager.com\/fr\/prix\/"]}]},{"@type":"BreadcrumbList","@id":"https:\/\/www.qrcodepasswordmanager.com\/fr\/prix\/#breadcrumb","itemListElement":[{"@type":"ListItem","position":1,"name":"\ud648","item":"https:\/\/www.qrpasswordmanager.com\/fr\/"},{"@type":"ListItem","position":2,"name":"Pricing"}]},{"@type":"WebSite","@id":"https:\/\/www.qrpasswordmanager.com\/fr\/#website","url":"https:\/\/www.qrpasswordmanager.com\/fr\/","name":"QR Password Manager QPM Sovereign Login","description":"Sovereign Login, Sovereign Password Manager","potentialAction":[{"@type":"SearchAction","target":{"@type":"EntryPoint","urlTemplate":"https:\/\/www.qrpasswordmanager.com\/fr\/?s={search_term_string}"},"query-input":{"@type":"PropertyValueSpecification","valueRequired":true,"valueName":"search_term_string"}}],"inLanguage":"fr-FR"}]}},"jetpack_sharing_enabled":true,"_links":{"self":[{"href":"https:\/\/www.qrcodepasswordmanager.com\/fr\/wp-json\/wp\/v2\/pages\/1462","targetHints":{"allow":["GET"]}}],"collection":[{"href":"https:\/\/www.qrcodepasswordmanager.com\/fr\/wp-json\/wp\/v2\/pages"}],"about":[{"href":"https:\/\/www.qrcodepasswordmanager.com\/fr\/wp-json\/wp\/v2\/types\/page"}],"author":[{"embeddable":true,"href":"https:\/\/www.qrcodepasswordmanager.com\/fr\/wp-json\/wp\/v2\/users\/5"}],"replies":[{"embeddable":true,"href":"https:\/\/www.qrcodepasswordmanager.com\/fr\/wp-json\/wp\/v2\/comments?post=1462"}],"version-history":[{"count":4,"href":"https:\/\/www.qrcodepasswordmanager.com\/fr\/wp-json\/wp\/v2\/pages\/1462\/revisions"}],"predecessor-version":[{"id":1784,"href":"https:\/\/www.qrcodepasswordmanager.com\/fr\/wp-json\/wp\/v2\/pages\/1462\/revisions\/1784"}],"wp:attachment":[{"href":"https:\/\/www.qrcodepasswordmanager.com\/fr\/wp-json\/wp\/v2\/media?parent=1462"}],"curies":[{"name":"wp","href":"https:\/\/api.w.org\/{rel}","templated":true}]}}