{"id":1445,"date":"2024-07-11T00:09:33","date_gmt":"2024-07-10T15:09:33","guid":{"rendered":"https:\/\/www.qrcodepasswordmanager.com\/telechargement\/"},"modified":"2025-11-06T10:31:20","modified_gmt":"2025-11-06T01:31:20","slug":"telechargement","status":"publish","type":"page","link":"https:\/\/www.qrcodepasswordmanager.com\/fr\/telechargement\/","title":{"rendered":"Download"},"content":{"rendered":"\t\t<div data-elementor-type=\"wp-page\" data-elementor-id=\"1445\" class=\"elementor elementor-1445 elementor-772\" data-elementor-post-type=\"page\">\n\t\t\t\t\t\t<section class=\"elementor-section elementor-top-section elementor-element elementor-element-6adde42 elementor-section-height-min-height elementor-section-items-stretch elementor-section-boxed elementor-section-height-default\" data-id=\"6adde42\" data-element_type=\"section\" data-e-type=\"section\" data-settings=\"{&quot;background_background&quot;:&quot;gradient&quot;}\">\n\t\t\t\t\t\t<div class=\"elementor-container elementor-column-gap-default\">\n\t\t\t\t\t<div class=\"elementor-column elementor-col-100 elementor-top-column elementor-element elementor-element-3e09d428\" data-id=\"3e09d428\" data-element_type=\"column\" data-e-type=\"column\">\n\t\t\t<div class=\"elementor-widget-wrap\">\n\t\t\t\t\t\t\t<\/div>\n\t\t<\/div>\n\t\t\t\t\t<\/div>\n\t\t<\/section>\n\t\t\t\t<section class=\"elementor-section elementor-top-section elementor-element elementor-element-73aeb59 elementor-section-height-min-height elementor-section-items-stretch elementor-section-boxed elementor-section-height-default\" data-id=\"73aeb59\" data-element_type=\"section\" data-e-type=\"section\" data-settings=\"{&quot;background_background&quot;:&quot;classic&quot;}\">\n\t\t\t\t\t\t<div class=\"elementor-container elementor-column-gap-default\">\n\t\t\t\t\t<div class=\"elementor-column elementor-col-100 elementor-top-column elementor-element elementor-element-f3a389e\" data-id=\"f3a389e\" data-element_type=\"column\" data-e-type=\"column\">\n\t\t\t<div class=\"elementor-widget-wrap elementor-element-populated\">\n\t\t\t\t\t\t<div class=\"elementor-element elementor-element-b3639f0 elementor-widget elementor-widget-heading\" data-id=\"b3639f0\" data-element_type=\"widget\" data-e-type=\"widget\" data-widget_type=\"heading.default\">\n\t\t\t\t<div class=\"elementor-widget-container\">\n\t\t\t\t\t<h2 class=\"elementor-heading-title elementor-size-default\">Download<\/h2>\t\t\t\t<\/div>\n\t\t\t\t<\/div>\n\t\t\t\t<div class=\"elementor-element elementor-element-66115a7 elementor-widget elementor-widget-text-editor\" data-id=\"66115a7\" data-element_type=\"widget\" data-e-type=\"widget\" data-widget_type=\"text-editor.default\">\n\t\t\t\t<div class=\"elementor-widget-container\">\n\t\t\t\t\t\t\t\t\t<p><span style=\"letter-spacing: -0.6px;\">Pour installer l&rsquo;application QPM sur votre smartphone<span style=\"letter-spacing: -0.6px;\"> <\/span><span style=\"letter-spacing: -0.6px;\">et l&rsquo;extension QPM sur le navigateur Chrome de votre PC, veuillez suivre les \u00e9tapes ci-dessous.<\/span><\/span><\/p>\t\t\t\t\t\t\t\t<\/div>\n\t\t\t\t<\/div>\n\t\t<div class=\"elementor-element elementor-element-a2bde0b e-con-full e-flex e-con e-parent\" data-id=\"a2bde0b\" data-element_type=\"container\" data-e-type=\"container\">\n\t\t<div class=\"elementor-element elementor-element-a133212 e-con-full e-flex e-con e-child\" data-id=\"a133212\" data-element_type=\"container\" data-e-type=\"container\">\n\t\t<div class=\"elementor-element elementor-element-0f53f01 e-con-full e-flex e-con e-child\" data-id=\"0f53f01\" data-element_type=\"container\" data-e-type=\"container\">\n\t\t\t\t<div class=\"elementor-element elementor-element-7cb4eda elementor-widget elementor-widget-heading\" data-id=\"7cb4eda\" data-element_type=\"widget\" data-e-type=\"widget\" data-widget_type=\"heading.default\">\n\t\t\t\t<div class=\"elementor-widget-container\">\n\t\t\t\t\t<h2 class=\"elementor-heading-title elementor-size-default\">QPM pour t\u00e9l\u00e9phone mobile (iOS et Android)<\/h2>\t\t\t\t<\/div>\n\t\t\t\t<\/div>\n\t\t\t\t<div class=\"elementor-element elementor-element-7380760 elementor-widget elementor-widget-heading\" data-id=\"7380760\" data-element_type=\"widget\" data-e-type=\"widget\" data-widget_type=\"heading.default\">\n\t\t\t\t<div class=\"elementor-widget-container\">\n\t\t\t\t\t<h2 class=\"elementor-heading-title elementor-size-default\">Visitez le magasin d'applications de votre smartphone et recherchez QPM, ou utilisez le lien ci-dessous pour installer l'application. QPM est compatible avec les appareils fonctionnant sous iOS et Android.<\/h2>\t\t\t\t<\/div>\n\t\t\t\t<\/div>\n\t\t<div class=\"elementor-element elementor-element-ea4f192 e-con-full e-flex e-con e-child\" data-id=\"ea4f192\" data-element_type=\"container\" data-e-type=\"container\">\n\t\t<div class=\"elementor-element elementor-element-824a365 e-con-full e-flex e-con e-child\" data-id=\"824a365\" data-element_type=\"container\" data-e-type=\"container\">\n\t\t\t\t<div class=\"elementor-element elementor-element-900c61f elementor-widget elementor-widget-image\" data-id=\"900c61f\" data-element_type=\"widget\" data-e-type=\"widget\" data-widget_type=\"image.default\">\n\t\t\t\t<div class=\"elementor-widget-container\">\n\t\t\t\t\t\t\t\t\t\t\t\t\t\t\t<img decoding=\"async\" src=\"https:\/\/www.qrcodepasswordmanager.com\/wp-content\/uploads\/2024\/06\/bbb-1.png\" title=\"bbb\" alt=\"bbb\" loading=\"lazy\" \/>\t\t\t\t\t\t\t\t\t\t\t\t\t\t\t<\/div>\n\t\t\t\t<\/div>\n\t\t\t\t<\/div>\n\t\t<div class=\"elementor-element elementor-element-ed5487b e-con-full e-flex e-con e-child\" data-id=\"ed5487b\" data-element_type=\"container\" data-e-type=\"container\">\n\t\t\t\t<div class=\"elementor-element elementor-element-d39149c elementor-widget elementor-widget-image\" data-id=\"d39149c\" data-element_type=\"widget\" data-e-type=\"widget\" data-widget_type=\"image.default\">\n\t\t\t\t<div class=\"elementor-widget-container\">\n\t\t\t\t\t\t\t\t\t\t\t\t\t\t\t\t<a href=\"https:\/\/apps.apple.com\/us\/app\/qr-password-manager\/id1670809393\" target=\"_blank\">\n\t\t\t\t\t\t\t<img decoding=\"async\" width=\"183\" height=\"247\" src=\"https:\/\/www.qrcodepasswordmanager.com\/wp-content\/uploads\/2024\/06\/qr1.png\" class=\"attachment-large size-large wp-image-1177\" alt=\"\" \/>\t\t\t\t\t\t\t\t<\/a>\n\t\t\t\t\t\t\t\t\t\t\t\t\t\t\t<\/div>\n\t\t\t\t<\/div>\n\t\t\t\t<\/div>\n\t\t<div class=\"elementor-element elementor-element-3dc5a6b e-con-full e-flex e-con e-child\" data-id=\"3dc5a6b\" data-element_type=\"container\" data-e-type=\"container\">\n\t\t\t\t<div class=\"elementor-element elementor-element-6d44728 elementor-widget elementor-widget-image\" data-id=\"6d44728\" data-element_type=\"widget\" data-e-type=\"widget\" data-widget_type=\"image.default\">\n\t\t\t\t<div class=\"elementor-widget-container\">\n\t\t\t\t\t\t\t\t\t\t\t\t\t\t\t\t<a href=\"https:\/\/play.google.com\/store\/apps\/details?id=com.mobilepasswordmanager\" target=\"_blank\">\n\t\t\t\t\t\t\t<img decoding=\"async\" width=\"199\" height=\"247\" src=\"https:\/\/www.qrcodepasswordmanager.com\/wp-content\/uploads\/2024\/06\/qr2.png\" class=\"attachment-large size-large wp-image-1180\" alt=\"\" \/>\t\t\t\t\t\t\t\t<\/a>\n\t\t\t\t\t\t\t\t\t\t\t\t\t\t\t<\/div>\n\t\t\t\t<\/div>\n\t\t\t\t<\/div>\n\t\t\t\t<\/div>\n\t\t\t\t<\/div>\n\t\t\t\t<\/div>\n\t\t\t\t<\/div>\n\t\t<div class=\"elementor-element elementor-element-ffcec66 e-con-full e-flex e-con e-parent\" data-id=\"ffcec66\" data-element_type=\"container\" data-e-type=\"container\">\n\t\t<div class=\"elementor-element elementor-element-30d9bf5 e-con-full e-flex e-con e-child\" data-id=\"30d9bf5\" data-element_type=\"container\" data-e-type=\"container\">\n\t\t<div class=\"elementor-element elementor-element-4d64289 e-con-full e-flex e-con e-child\" data-id=\"4d64289\" data-element_type=\"container\" data-e-type=\"container\">\n\t\t\t\t<div class=\"elementor-element elementor-element-caf7553 elementor-widget elementor-widget-heading\" data-id=\"caf7553\" data-element_type=\"widget\" data-e-type=\"widget\" data-widget_type=\"heading.default\">\n\t\t\t\t<div class=\"elementor-widget-container\">\n\t\t\t\t\t<h2 class=\"elementor-heading-title elementor-size-default\">QPM pour les extensions Chrome<\/h2>\t\t\t\t<\/div>\n\t\t\t\t<\/div>\n\t\t\t\t<div class=\"elementor-element elementor-element-d9d16eb elementor-widget elementor-widget-heading\" data-id=\"d9d16eb\" data-element_type=\"widget\" data-e-type=\"widget\" data-widget_type=\"heading.default\">\n\t\t\t\t<div class=\"elementor-widget-container\">\n\t\t\t\t\t<h2 class=\"elementor-heading-title elementor-size-default\">Pour utiliser QPM sur votre navigateur Chrome sur PC, vous devez installer l'extension QPM depuis le Chrome Web Store. L'extension QPM fonctionne \u00e9galement avec les navigateurs Microsoft Edge. Suivez le lien ci-dessous pour installer l'extension QPM pour Chrome.<\/h2>\t\t\t\t<\/div>\n\t\t\t\t<\/div>\n\t\t<div class=\"elementor-element elementor-element-dd54b5e e-con-full e-flex e-con e-child\" data-id=\"dd54b5e\" data-element_type=\"container\" data-e-type=\"container\">\n\t\t<div class=\"elementor-element elementor-element-7e27a78 e-con-full e-flex e-con e-child\" data-id=\"7e27a78\" data-element_type=\"container\" data-e-type=\"container\">\n\t\t\t\t<div class=\"elementor-element elementor-element-8c64645 elementor-widget elementor-widget-image\" data-id=\"8c64645\" data-element_type=\"widget\" data-e-type=\"widget\" data-widget_type=\"image.default\">\n\t\t\t\t<div class=\"elementor-widget-container\">\n\t\t\t\t\t\t\t\t\t\t\t\t\t\t\t<img decoding=\"async\" src=\"https:\/\/www.qrcodepasswordmanager.com\/wp-content\/uploads\/elementor\/thumbs\/dd-qq5tlivs837v36m80meb05ebr2s98k63agera4yyo0.png\" title=\"dd\" alt=\"dd\" loading=\"lazy\" \/>\t\t\t\t\t\t\t\t\t\t\t\t\t\t\t<\/div>\n\t\t\t\t<\/div>\n\t\t\t\t<\/div>\n\t\t<div class=\"elementor-element elementor-element-573b534 e-con-full e-flex e-con e-child\" data-id=\"573b534\" data-element_type=\"container\" data-e-type=\"container\">\n\t\t\t\t<div class=\"elementor-element elementor-element-215ef3a elementor-widget__width-auto elementor-widget elementor-widget-image\" data-id=\"215ef3a\" data-element_type=\"widget\" data-e-type=\"widget\" data-widget_type=\"image.default\">\n\t\t\t\t<div class=\"elementor-widget-container\">\n\t\t\t\t\t\t\t\t\t\t\t\t\t\t\t\t<a href=\"https:\/\/chrome.google.com\/webstore\/detail\/qrcode-password-manager\/dmehajdiophmcooafciihpfocageloph?hl=ko\" target=\"_blank\">\n\t\t\t\t\t\t\t<img decoding=\"async\" src=\"https:\/\/www.qrcodepasswordmanager.com\/wp-content\/uploads\/elementor\/thumbs\/download-on-chrome-web-store-qebgqj7vn5lul4z4ttaobq0k9inb973axa9x63s16o.webp\" title=\"download-on-chrome-web-store\" alt=\"download-on-chrome-web-store\" loading=\"lazy\" \/>\t\t\t\t\t\t\t\t<\/a>\n\t\t\t\t\t\t\t\t\t\t\t\t\t\t\t<\/div>\n\t\t\t\t<\/div>\n\t\t\t\t<\/div>\n\t\t\t\t<\/div>\n\t\t\t\t<\/div>\n\t\t\t\t<\/div>\n\t\t\t\t<\/div>\n\t\t\t\t\t<\/div>\n\t\t<\/div>\n\t\t\t\t\t<\/div>\n\t\t<\/section>\n\t\t\t\t<\/div>\n\t\t","protected":false},"excerpt":{"rendered":"<p>Download Pour installer l&rsquo;application QPM sur votre smartphone et l&rsquo;extension QPM sur le navigateur Chrome de votre PC, veuillez suivre les \u00e9tapes ci-dessous. QPM pour t\u00e9l\u00e9phone mobile (iOS et Android) Visitez le magasin d&rsquo;applications de votre smartphone et recherchez QPM, ou utilisez le lien ci-dessous pour installer l&rsquo;application. QPM est compatible avec les appareils fonctionnant [&hellip;]<\/p>\n","protected":false},"author":5,"featured_media":0,"parent":0,"menu_order":50,"comment_status":"closed","ping_status":"closed","template":"","meta":{"footnotes":""},"class_list":["post-1445","page","type-page","status-publish","hentry"],"yoast_head":"<!-- This site is optimized with the Yoast SEO plugin v27.4 - https:\/\/yoast.com\/product\/yoast-seo-wordpress\/ -->\n<title>Download - QR Password Manager QPM Sovereign Login<\/title>\n<meta name=\"robots\" content=\"index, follow, max-snippet:-1, max-image-preview:large, max-video-preview:-1\" \/>\n<link rel=\"canonical\" href=\"https:\/\/www.qrcodepasswordmanager.com\/fr\/telechargement\/\" \/>\n<meta property=\"og:locale\" content=\"fr_FR\" \/>\n<meta property=\"og:type\" content=\"article\" \/>\n<meta property=\"og:title\" content=\"Download - QR Password Manager QPM Sovereign Login\" \/>\n<meta property=\"og:description\" content=\"Download Pour installer l&rsquo;application QPM sur votre smartphone et l&rsquo;extension QPM sur le navigateur Chrome de votre PC, veuillez suivre les \u00e9tapes ci-dessous. QPM pour t\u00e9l\u00e9phone mobile (iOS et Android) Visitez le magasin d&rsquo;applications de votre smartphone et recherchez QPM, ou utilisez le lien ci-dessous pour installer l&rsquo;application. QPM est compatible avec les appareils fonctionnant [&hellip;]\" \/>\n<meta property=\"og:url\" content=\"https:\/\/www.qrcodepasswordmanager.com\/fr\/telechargement\/\" \/>\n<meta property=\"og:site_name\" content=\"QR Password Manager QPM Sovereign Login\" \/>\n<meta property=\"article:modified_time\" content=\"2025-11-06T01:31:20+00:00\" \/>\n<meta property=\"og:image\" content=\"https:\/\/www.qrpasswordmanager.com\/wp-content\/uploads\/2024\/06\/bbb-1.png\" \/>\n<meta name=\"twitter:card\" content=\"summary_large_image\" \/>\n<meta name=\"twitter:label1\" content=\"Dur\u00e9e de lecture estim\u00e9e\" \/>\n\t<meta name=\"twitter:data1\" content=\"1 minute\" \/>\n<script type=\"application\/ld+json\" class=\"yoast-schema-graph\">{\"@context\":\"https:\\\/\\\/schema.org\",\"@graph\":[{\"@type\":\"WebPage\",\"@id\":\"https:\\\/\\\/www.qrcodepasswordmanager.com\\\/fr\\\/telechargement\\\/\",\"url\":\"https:\\\/\\\/www.qrcodepasswordmanager.com\\\/fr\\\/telechargement\\\/\",\"name\":\"Download - QR Password Manager QPM Sovereign Login\",\"isPartOf\":{\"@id\":\"https:\\\/\\\/www.qrpasswordmanager.com\\\/fr\\\/#website\"},\"primaryImageOfPage\":{\"@id\":\"https:\\\/\\\/www.qrcodepasswordmanager.com\\\/fr\\\/telechargement\\\/#primaryimage\"},\"image\":{\"@id\":\"https:\\\/\\\/www.qrcodepasswordmanager.com\\\/fr\\\/telechargement\\\/#primaryimage\"},\"thumbnailUrl\":\"https:\\\/\\\/www.qrpasswordmanager.com\\\/wp-content\\\/uploads\\\/2024\\\/06\\\/bbb-1.png\",\"datePublished\":\"2024-07-10T15:09:33+00:00\",\"dateModified\":\"2025-11-06T01:31:20+00:00\",\"breadcrumb\":{\"@id\":\"https:\\\/\\\/www.qrcodepasswordmanager.com\\\/fr\\\/telechargement\\\/#breadcrumb\"},\"inLanguage\":\"fr-FR\",\"potentialAction\":[{\"@type\":\"ReadAction\",\"target\":[\"https:\\\/\\\/www.qrcodepasswordmanager.com\\\/fr\\\/telechargement\\\/\"]}]},{\"@type\":\"ImageObject\",\"inLanguage\":\"fr-FR\",\"@id\":\"https:\\\/\\\/www.qrcodepasswordmanager.com\\\/fr\\\/telechargement\\\/#primaryimage\",\"url\":\"https:\\\/\\\/www.qrpasswordmanager.com\\\/wp-content\\\/uploads\\\/2024\\\/06\\\/bbb-1.png\",\"contentUrl\":\"https:\\\/\\\/www.qrpasswordmanager.com\\\/wp-content\\\/uploads\\\/2024\\\/06\\\/bbb-1.png\"},{\"@type\":\"BreadcrumbList\",\"@id\":\"https:\\\/\\\/www.qrcodepasswordmanager.com\\\/fr\\\/telechargement\\\/#breadcrumb\",\"itemListElement\":[{\"@type\":\"ListItem\",\"position\":1,\"name\":\"\ud648\",\"item\":\"https:\\\/\\\/www.qrpasswordmanager.com\\\/fr\\\/\"},{\"@type\":\"ListItem\",\"position\":2,\"name\":\"Download\"}]},{\"@type\":\"WebSite\",\"@id\":\"https:\\\/\\\/www.qrpasswordmanager.com\\\/fr\\\/#website\",\"url\":\"https:\\\/\\\/www.qrpasswordmanager.com\\\/fr\\\/\",\"name\":\"QR Password Manager QPM Sovereign Login\",\"description\":\"Sovereign Login, Sovereign Password Manager\",\"potentialAction\":[{\"@type\":\"SearchAction\",\"target\":{\"@type\":\"EntryPoint\",\"urlTemplate\":\"https:\\\/\\\/www.qrpasswordmanager.com\\\/fr\\\/?s={search_term_string}\"},\"query-input\":{\"@type\":\"PropertyValueSpecification\",\"valueRequired\":true,\"valueName\":\"search_term_string\"}}],\"inLanguage\":\"fr-FR\"}]}<\/script>\n<!-- \/ Yoast SEO plugin. -->","yoast_head_json":{"title":"Download - QR Password Manager QPM Sovereign Login","robots":{"index":"index","follow":"follow","max-snippet":"max-snippet:-1","max-image-preview":"max-image-preview:large","max-video-preview":"max-video-preview:-1"},"canonical":"https:\/\/www.qrcodepasswordmanager.com\/fr\/telechargement\/","og_locale":"fr_FR","og_type":"article","og_title":"Download - QR Password Manager QPM Sovereign Login","og_description":"Download Pour installer l&rsquo;application QPM sur votre smartphone et l&rsquo;extension QPM sur le navigateur Chrome de votre PC, veuillez suivre les \u00e9tapes ci-dessous. QPM pour t\u00e9l\u00e9phone mobile (iOS et Android) Visitez le magasin d&rsquo;applications de votre smartphone et recherchez QPM, ou utilisez le lien ci-dessous pour installer l&rsquo;application. QPM est compatible avec les appareils fonctionnant [&hellip;]","og_url":"https:\/\/www.qrcodepasswordmanager.com\/fr\/telechargement\/","og_site_name":"QR Password Manager QPM Sovereign Login","article_modified_time":"2025-11-06T01:31:20+00:00","og_image":[{"url":"https:\/\/www.qrpasswordmanager.com\/wp-content\/uploads\/2024\/06\/bbb-1.png","type":"","width":"","height":""}],"twitter_card":"summary_large_image","twitter_misc":{"Dur\u00e9e de lecture estim\u00e9e":"1 minute"},"schema":{"@context":"https:\/\/schema.org","@graph":[{"@type":"WebPage","@id":"https:\/\/www.qrcodepasswordmanager.com\/fr\/telechargement\/","url":"https:\/\/www.qrcodepasswordmanager.com\/fr\/telechargement\/","name":"Download - QR Password Manager QPM Sovereign Login","isPartOf":{"@id":"https:\/\/www.qrpasswordmanager.com\/fr\/#website"},"primaryImageOfPage":{"@id":"https:\/\/www.qrcodepasswordmanager.com\/fr\/telechargement\/#primaryimage"},"image":{"@id":"https:\/\/www.qrcodepasswordmanager.com\/fr\/telechargement\/#primaryimage"},"thumbnailUrl":"https:\/\/www.qrpasswordmanager.com\/wp-content\/uploads\/2024\/06\/bbb-1.png","datePublished":"2024-07-10T15:09:33+00:00","dateModified":"2025-11-06T01:31:20+00:00","breadcrumb":{"@id":"https:\/\/www.qrcodepasswordmanager.com\/fr\/telechargement\/#breadcrumb"},"inLanguage":"fr-FR","potentialAction":[{"@type":"ReadAction","target":["https:\/\/www.qrcodepasswordmanager.com\/fr\/telechargement\/"]}]},{"@type":"ImageObject","inLanguage":"fr-FR","@id":"https:\/\/www.qrcodepasswordmanager.com\/fr\/telechargement\/#primaryimage","url":"https:\/\/www.qrpasswordmanager.com\/wp-content\/uploads\/2024\/06\/bbb-1.png","contentUrl":"https:\/\/www.qrpasswordmanager.com\/wp-content\/uploads\/2024\/06\/bbb-1.png"},{"@type":"BreadcrumbList","@id":"https:\/\/www.qrcodepasswordmanager.com\/fr\/telechargement\/#breadcrumb","itemListElement":[{"@type":"ListItem","position":1,"name":"\ud648","item":"https:\/\/www.qrpasswordmanager.com\/fr\/"},{"@type":"ListItem","position":2,"name":"Download"}]},{"@type":"WebSite","@id":"https:\/\/www.qrpasswordmanager.com\/fr\/#website","url":"https:\/\/www.qrpasswordmanager.com\/fr\/","name":"QR Password Manager QPM Sovereign Login","description":"Sovereign Login, Sovereign Password Manager","potentialAction":[{"@type":"SearchAction","target":{"@type":"EntryPoint","urlTemplate":"https:\/\/www.qrpasswordmanager.com\/fr\/?s={search_term_string}"},"query-input":{"@type":"PropertyValueSpecification","valueRequired":true,"valueName":"search_term_string"}}],"inLanguage":"fr-FR"}]}},"jetpack_sharing_enabled":true,"_links":{"self":[{"href":"https:\/\/www.qrcodepasswordmanager.com\/fr\/wp-json\/wp\/v2\/pages\/1445","targetHints":{"allow":["GET"]}}],"collection":[{"href":"https:\/\/www.qrcodepasswordmanager.com\/fr\/wp-json\/wp\/v2\/pages"}],"about":[{"href":"https:\/\/www.qrcodepasswordmanager.com\/fr\/wp-json\/wp\/v2\/types\/page"}],"author":[{"embeddable":true,"href":"https:\/\/www.qrcodepasswordmanager.com\/fr\/wp-json\/wp\/v2\/users\/5"}],"replies":[{"embeddable":true,"href":"https:\/\/www.qrcodepasswordmanager.com\/fr\/wp-json\/wp\/v2\/comments?post=1445"}],"version-history":[{"count":6,"href":"https:\/\/www.qrcodepasswordmanager.com\/fr\/wp-json\/wp\/v2\/pages\/1445\/revisions"}],"predecessor-version":[{"id":1786,"href":"https:\/\/www.qrcodepasswordmanager.com\/fr\/wp-json\/wp\/v2\/pages\/1445\/revisions\/1786"}],"wp:attachment":[{"href":"https:\/\/www.qrcodepasswordmanager.com\/fr\/wp-json\/wp\/v2\/media?parent=1445"}],"curies":[{"name":"wp","href":"https:\/\/api.w.org\/{rel}","templated":true}]}}